{"id":231,"date":"2013-07-22T16:57:29","date_gmt":"2013-07-22T15:57:29","guid":{"rendered":"http:\/\/soscles83.fr\/?page_id=231"},"modified":"2023-04-03T21:22:03","modified_gmt":"2023-04-03T20:22:03","slug":"contact","status":"publish","type":"page","link":"https:\/\/soscles83.fr\/?page_id=231","title":{"rendered":"Contact"},"content":{"rendered":"<p style=\"text-align: left;\"><strong>Pour tout renseignements ou devis n\u2019h\u00e9sitez pas a nous contacter par t\u00e9l\u00e9phone , ou par mail : contact@soscles83.fr &nbsp;. Merci .<\/strong><\/p>\n<p>&nbsp;<\/p>\n","protected":false},"excerpt":{"rendered":"<p>Pour tout renseignements ou devis n\u2019h\u00e9sitez pas a nous contacter par t\u00e9l\u00e9phone , ou par mail : contact@soscles83.fr &nbsp;. Merci . &nbsp;<\/p>\n","protected":false},"author":1,"featured_media":0,"parent":0,"menu_order":0,"comment_status":"closed","ping_status":"closed","template":"","meta":{"ngg_post_thumbnail":0},"jetpack_sharing_enabled":true,"_links":{"self":[{"href":"https:\/\/soscles83.fr\/index.php?rest_route=\/wp\/v2\/pages\/231"}],"collection":[{"href":"https:\/\/soscles83.fr\/index.php?rest_route=\/wp\/v2\/pages"}],"about":[{"href":"https:\/\/soscles83.fr\/index.php?rest_route=\/wp\/v2\/types\/page"}],"author":[{"embeddable":true,"href":"https:\/\/soscles83.fr\/index.php?rest_route=\/wp\/v2\/users\/1"}],"replies":[{"embeddable":true,"href":"https:\/\/soscles83.fr\/index.php?rest_route=%2Fwp%2Fv2%2Fcomments&post=231"}],"version-history":[{"count":4,"href":"https:\/\/soscles83.fr\/index.php?rest_route=\/wp\/v2\/pages\/231\/revisions"}],"predecessor-version":[{"id":351,"href":"https:\/\/soscles83.fr\/index.php?rest_route=\/wp\/v2\/pages\/231\/revisions\/351"}],"wp:attachment":[{"href":"https:\/\/soscles83.fr\/index.php?rest_route=%2Fwp%2Fv2%2Fmedia&parent=231"}],"curies":[{"name":"wp","href":"https:\/\/api.w.org\/{rel}","templated":true}]}}