{"id":38,"date":"2013-05-22T15:02:42","date_gmt":"2013-05-22T14:02:42","guid":{"rendered":"http:\/\/soscles83.fr\/?page_id=38"},"modified":"2014-02-21T14:24:27","modified_gmt":"2014-02-21T13:24:27","slug":"cles-automobiles-moto-a-puces-electroniques","status":"publish","type":"page","link":"https:\/\/soscles83.fr\/?page_id=38","title":{"rendered":"Cl\u00e9 automobile moto a puce \u00e9lectronique"},"content":{"rendered":"<p><strong>Nous dupliquons la plupart des cl\u00e9s autos et motos \u00e0 puce \u00e9lectronique. N\u2019h\u00e9sitez pas a nous contacter pour savoir si votre cl\u00e9 est reproductible !<\/strong><\/p>\n<!-- index.php -->\n<div\n\tclass=\"ngg-galleryoverview ngg-ajax-pagination-none\"\n\tid=\"ngg-gallery-b0d117bbaf1954b9829d6229f355874b-1\">\n\n    \t<div class=\"slideshowlink\">\n        <a href='https:\/\/soscles83.fr\/index.php\/nggallery\/slideshow?page_id=38'>[Show as slideshow]<\/a>\n\t\t\n\t<\/div>\n\t\t\t<!-- Thumbnails -->\n\t\t\t\t<div id=\"ngg-image-0\" class=\"ngg-gallery-thumbnail-box\" >\n\t\t\t\t        <div class=\"ngg-gallery-thumbnail\">\n            <a href=\"https:\/\/soscles83.fr\/wp-content\/gallery\/ces-auto-moto\/auto-1.jpg\"\n               title=\"\"\n               data-src=\"https:\/\/soscles83.fr\/wp-content\/gallery\/ces-auto-moto\/auto-1.jpg\"\n               data-thumbnail=\"https:\/\/soscles83.fr\/wp-content\/gallery\/ces-auto-moto\/thumbs\/thumbs_auto-1.jpg\"\n               data-image-id=\"228\"\n               data-title=\"auto-1\"\n               data-description=\"\"\n               data-image-slug=\"auto-1\"\n               class=\"shutterset_b0d117bbaf1954b9829d6229f355874b\">\n                <img\n                    title=\"auto-1\"\n                    alt=\"auto-1\"\n                    src=\"https:\/\/soscles83.fr\/wp-content\/gallery\/ces-auto-moto\/thumbs\/thumbs_auto-1.jpg\"\n                    width=\"100\"\n                    height=\"75\"\n                    style=\"max-width:100%;\"\n                \/>\n            <\/a>\n        <\/div>\n\t\t\t\t\t\t\t<\/div> \n\t\t\t\n        \n\t\t\t\t<div id=\"ngg-image-1\" class=\"ngg-gallery-thumbnail-box\" >\n\t\t\t\t        <div class=\"ngg-gallery-thumbnail\">\n            <a href=\"https:\/\/soscles83.fr\/wp-content\/gallery\/ces-auto-moto\/auto-2.jpg\"\n               title=\"\"\n               data-src=\"https:\/\/soscles83.fr\/wp-content\/gallery\/ces-auto-moto\/auto-2.jpg\"\n               data-thumbnail=\"https:\/\/soscles83.fr\/wp-content\/gallery\/ces-auto-moto\/thumbs\/thumbs_auto-2.jpg\"\n               data-image-id=\"229\"\n               data-title=\"auto-2\"\n               data-description=\"\"\n               data-image-slug=\"auto-2\"\n               class=\"shutterset_b0d117bbaf1954b9829d6229f355874b\">\n                <img\n                    title=\"auto-2\"\n                    alt=\"auto-2\"\n                    src=\"https:\/\/soscles83.fr\/wp-content\/gallery\/ces-auto-moto\/thumbs\/thumbs_auto-2.jpg\"\n                    width=\"100\"\n                    height=\"75\"\n                    style=\"max-width:100%;\"\n                \/>\n            <\/a>\n        <\/div>\n\t\t\t\t\t\t\t<\/div> \n\t\t\t\n        \n\t\t\t\t<div id=\"ngg-image-2\" class=\"ngg-gallery-thumbnail-box\" >\n\t\t\t\t        <div class=\"ngg-gallery-thumbnail\">\n            <a href=\"https:\/\/soscles83.fr\/wp-content\/gallery\/ces-auto-moto\/auto-3.jpg\"\n               title=\"\"\n               data-src=\"https:\/\/soscles83.fr\/wp-content\/gallery\/ces-auto-moto\/auto-3.jpg\"\n               data-thumbnail=\"https:\/\/soscles83.fr\/wp-content\/gallery\/ces-auto-moto\/thumbs\/thumbs_auto-3.jpg\"\n               data-image-id=\"230\"\n               data-title=\"auto-3\"\n               data-description=\"\"\n               data-image-slug=\"auto-3\"\n               class=\"shutterset_b0d117bbaf1954b9829d6229f355874b\">\n                <img\n                    title=\"auto-3\"\n                    alt=\"auto-3\"\n                    src=\"https:\/\/soscles83.fr\/wp-content\/gallery\/ces-auto-moto\/thumbs\/thumbs_auto-3.jpg\"\n                    width=\"100\"\n                    height=\"75\"\n                    style=\"max-width:100%;\"\n                \/>\n            <\/a>\n        <\/div>\n\t\t\t\t\t\t\t<\/div> \n\t\t\t\n        \n\t\t\t\t<div id=\"ngg-image-3\" class=\"ngg-gallery-thumbnail-box\" >\n\t\t\t\t        <div class=\"ngg-gallery-thumbnail\">\n            <a href=\"https:\/\/soscles83.fr\/wp-content\/gallery\/ces-auto-moto\/auto-4.jpg\"\n               title=\"\"\n               data-src=\"https:\/\/soscles83.fr\/wp-content\/gallery\/ces-auto-moto\/auto-4.jpg\"\n               data-thumbnail=\"https:\/\/soscles83.fr\/wp-content\/gallery\/ces-auto-moto\/thumbs\/thumbs_auto-4.jpg\"\n               data-image-id=\"231\"\n               data-title=\"auto-4\"\n               data-description=\"\"\n               data-image-slug=\"auto-4\"\n               class=\"shutterset_b0d117bbaf1954b9829d6229f355874b\">\n                <img\n                    title=\"auto-4\"\n                    alt=\"auto-4\"\n                    src=\"https:\/\/soscles83.fr\/wp-content\/gallery\/ces-auto-moto\/thumbs\/thumbs_auto-4.jpg\"\n                    width=\"100\"\n                    height=\"75\"\n                    style=\"max-width:100%;\"\n                \/>\n            <\/a>\n        <\/div>\n\t\t\t\t\t\t\t<\/div> \n\t\t\t\n        \n\t\t\t\t<div id=\"ngg-image-4\" class=\"ngg-gallery-thumbnail-box\" >\n\t\t\t\t        <div class=\"ngg-gallery-thumbnail\">\n            <a href=\"https:\/\/soscles83.fr\/wp-content\/gallery\/ces-auto-moto\/auto-5.jpg\"\n               title=\"\"\n               data-src=\"https:\/\/soscles83.fr\/wp-content\/gallery\/ces-auto-moto\/auto-5.jpg\"\n               data-thumbnail=\"https:\/\/soscles83.fr\/wp-content\/gallery\/ces-auto-moto\/thumbs\/thumbs_auto-5.jpg\"\n               data-image-id=\"232\"\n               data-title=\"auto-5\"\n               data-description=\"\"\n               data-image-slug=\"auto-5\"\n               class=\"shutterset_b0d117bbaf1954b9829d6229f355874b\">\n                <img\n                    title=\"auto-5\"\n                    alt=\"auto-5\"\n                    src=\"https:\/\/soscles83.fr\/wp-content\/gallery\/ces-auto-moto\/thumbs\/thumbs_auto-5.jpg\"\n                    width=\"100\"\n                    height=\"75\"\n                    style=\"max-width:100%;\"\n                \/>\n            <\/a>\n        <\/div>\n\t\t\t\t\t\t\t<\/div> \n\t\t\t\n        \n\t\t\t\t<div id=\"ngg-image-5\" class=\"ngg-gallery-thumbnail-box\" >\n\t\t\t\t        <div class=\"ngg-gallery-thumbnail\">\n            <a href=\"https:\/\/soscles83.fr\/wp-content\/gallery\/ces-auto-moto\/auto-6.jpg\"\n               title=\"\"\n               data-src=\"https:\/\/soscles83.fr\/wp-content\/gallery\/ces-auto-moto\/auto-6.jpg\"\n               data-thumbnail=\"https:\/\/soscles83.fr\/wp-content\/gallery\/ces-auto-moto\/thumbs\/thumbs_auto-6.jpg\"\n               data-image-id=\"233\"\n               data-title=\"auto-6\"\n               data-description=\"\"\n               data-image-slug=\"auto-6\"\n               class=\"shutterset_b0d117bbaf1954b9829d6229f355874b\">\n                <img\n                    title=\"auto-6\"\n                    alt=\"auto-6\"\n                    src=\"https:\/\/soscles83.fr\/wp-content\/gallery\/ces-auto-moto\/thumbs\/thumbs_auto-6.jpg\"\n                    width=\"100\"\n                    height=\"75\"\n                    style=\"max-width:100%;\"\n                \/>\n            <\/a>\n        <\/div>\n\t\t\t\t\t\t\t<\/div> \n\t\t\t\n        \n\t\t\t\t<div id=\"ngg-image-6\" class=\"ngg-gallery-thumbnail-box\" >\n\t\t\t\t        <div class=\"ngg-gallery-thumbnail\">\n            <a href=\"https:\/\/soscles83.fr\/wp-content\/gallery\/ces-auto-moto\/cles-coque-pele-mele.jpg\"\n               title=\"\"\n               data-src=\"https:\/\/soscles83.fr\/wp-content\/gallery\/ces-auto-moto\/cles-coque-pele-mele.jpg\"\n               data-thumbnail=\"https:\/\/soscles83.fr\/wp-content\/gallery\/ces-auto-moto\/thumbs\/thumbs_cles-coque-pele-mele.jpg\"\n               data-image-id=\"234\"\n               data-title=\"cles-coque-pele-mele\"\n               data-description=\"\"\n               data-image-slug=\"cles-coque-pele-mele\"\n               class=\"shutterset_b0d117bbaf1954b9829d6229f355874b\">\n                <img\n                    title=\"cles-coque-pele-mele\"\n                    alt=\"cles-coque-pele-mele\"\n                    src=\"https:\/\/soscles83.fr\/wp-content\/gallery\/ces-auto-moto\/thumbs\/thumbs_cles-coque-pele-mele.jpg\"\n                    width=\"100\"\n                    height=\"75\"\n                    style=\"max-width:100%;\"\n                \/>\n            <\/a>\n        <\/div>\n\t\t\t\t\t\t\t<\/div> \n\t\t\t\n        \n\t\t\n\t\t<!-- Pagination -->\n\t<div class='ngg-clear'><\/div>\t<\/div>\n\n<p><strong>Votre coque est us\u00e9e? Rien de plus simple \u00e0 remplacer !\u00a0<\/strong><\/p>\n<p>&nbsp;<\/p>\n<p>&nbsp;<\/p>\n<p style=\"padding-left: 30px;\">\n","protected":false},"excerpt":{"rendered":"<p>Nous dupliquons la plupart des cl\u00e9s autos et motos \u00e0 puce \u00e9lectronique. N\u2019h\u00e9sitez pas a nous contacter pour savoir si votre cl\u00e9 est reproductible ! Votre coque est us\u00e9e? Rien de plus simple \u00e0 remplacer !\u00a0 &nbsp; &nbsp;<\/p>\n","protected":false},"author":1,"featured_media":0,"parent":0,"menu_order":0,"comment_status":"closed","ping_status":"closed","template":"","meta":{"ngg_post_thumbnail":0},"jetpack_sharing_enabled":true,"_links":{"self":[{"href":"https:\/\/soscles83.fr\/index.php?rest_route=\/wp\/v2\/pages\/38"}],"collection":[{"href":"https:\/\/soscles83.fr\/index.php?rest_route=\/wp\/v2\/pages"}],"about":[{"href":"https:\/\/soscles83.fr\/index.php?rest_route=\/wp\/v2\/types\/page"}],"author":[{"embeddable":true,"href":"https:\/\/soscles83.fr\/index.php?rest_route=\/wp\/v2\/users\/1"}],"replies":[{"embeddable":true,"href":"https:\/\/soscles83.fr\/index.php?rest_route=%2Fwp%2Fv2%2Fcomments&post=38"}],"version-history":[{"count":13,"href":"https:\/\/soscles83.fr\/index.php?rest_route=\/wp\/v2\/pages\/38\/revisions"}],"predecessor-version":[{"id":295,"href":"https:\/\/soscles83.fr\/index.php?rest_route=\/wp\/v2\/pages\/38\/revisions\/295"}],"wp:attachment":[{"href":"https:\/\/soscles83.fr\/index.php?rest_route=%2Fwp%2Fv2%2Fmedia&parent=38"}],"curies":[{"name":"wp","href":"https:\/\/api.w.org\/{rel}","templated":true}]}}